{"id":2,"date":"2025-08-29T07:37:45","date_gmt":"2025-08-29T07:37:45","guid":{"rendered":"https:\/\/atesnakliyat.com\/?page_id=2"},"modified":"2025-09-02T19:15:33","modified_gmt":"2025-09-02T19:15:33","slug":"sample-page","status":"publish","type":"page","link":"https:\/\/atesnakliyat.com\/index.php\/sample-page\/","title":{"rendered":"Bize Ula\u015f\u0131n"},"content":{"rendered":"\n<h3 class=\"wp-block-heading\"><\/h3>\n\n\n\n<blockquote class=\"wp-block-quote is-layout-flow wp-block-quote-is-layout-flow\"><p><\/p><\/blockquote>\n\n\n\n<h3 class=\"wp-block-heading\"><a href=\"https:\/\/atesnakliyatlojistik.com\/istanbul-ici-dagitim\/#\">Adres<\/a><\/h3>\n\n\n\n<p>\u0130n\u00f6n\u00fc Mah. Muammer Aksoy Cad. No:102 Tilkici T\u0131r Garaj\u0131 i\u00e7i, K\u00fc\u00e7\u00fck\u00e7ekmece \/ \u0130stanbul<a href=\"https:\/\/atesnakliyatlojistik.com\/istanbul-ici-dagitim\/#\"><\/a><\/p>\n\n\n\n<h3 class=\"wp-block-heading\"><a href=\"https:\/\/atesnakliyatlojistik.com\/istanbul-ici-dagitim\/#\">Telefon<\/a><\/h3>\n\n\n\n<p>+90 212 546 94 61<a href=\"https:\/\/atesnakliyatlojistik.com\/istanbul-ici-dagitim\/#\"><\/a><\/p>\n\n\n\n<h3 class=\"wp-block-heading\"><a href=\"https:\/\/atesnakliyatlojistik.com\/istanbul-ici-dagitim\/#\">Mail<\/a><\/h3>\n\n\n\n<p>info@atesnakliyatlojistik.com<\/p>\n","protected":false},"excerpt":{"rendered":"<p>Adres \u0130n\u00f6n\u00fc Mah. Muammer Aksoy Cad. No:102 Tilkici T\u0131r Garaj\u0131 i\u00e7i, K\u00fc\u00e7\u00fck\u00e7ekmece \/ \u0130stanbul Telefon +90 212 546 94 61 Mail info@atesnakliyatlojistik.com<\/p>\n","protected":false},"author":1,"featured_media":0,"parent":0,"menu_order":0,"comment_status":"closed","ping_status":"open","template":"","meta":{"footnotes":""},"class_list":["post-2","page","type-page","status-publish","hentry"],"_links":{"self":[{"href":"https:\/\/atesnakliyat.com\/index.php\/wp-json\/wp\/v2\/pages\/2","targetHints":{"allow":["GET"]}}],"collection":[{"href":"https:\/\/atesnakliyat.com\/index.php\/wp-json\/wp\/v2\/pages"}],"about":[{"href":"https:\/\/atesnakliyat.com\/index.php\/wp-json\/wp\/v2\/types\/page"}],"author":[{"embeddable":true,"href":"https:\/\/atesnakliyat.com\/index.php\/wp-json\/wp\/v2\/users\/1"}],"replies":[{"embeddable":true,"href":"https:\/\/atesnakliyat.com\/index.php\/wp-json\/wp\/v2\/comments?post=2"}],"version-history":[{"count":2,"href":"https:\/\/atesnakliyat.com\/index.php\/wp-json\/wp\/v2\/pages\/2\/revisions"}],"predecessor-version":[{"id":560,"href":"https:\/\/atesnakliyat.com\/index.php\/wp-json\/wp\/v2\/pages\/2\/revisions\/560"}],"wp:attachment":[{"href":"https:\/\/atesnakliyat.com\/index.php\/wp-json\/wp\/v2\/media?parent=2"}],"curies":[{"name":"wp","href":"https:\/\/api.w.org\/{rel}","templated":true}]}}