{"id":187,"date":"2016-05-10T03:48:21","date_gmt":"2016-05-10T03:48:21","guid":{"rendered":"http:\/\/wordpress-kurumsal-tema.tema.digital\/kurumsal-3\/?page_id=2"},"modified":"2025-09-02T18:20:48","modified_gmt":"2025-09-02T18:20:48","slug":"hakkimizda","status":"publish","type":"page","link":"https:\/\/atesnakliyat.com\/index.php\/hakkimizda\/","title":{"rendered":"Hakk\u0131m\u0131zda"},"content":{"rendered":"<div class=\"elementor-element elementor-element-7df70b6 elementor-widget-tablet__width-inherit elementor-widget elementor-widget-elementskit-heading\" data-id=\"7df70b6\" data-element_type=\"widget\" data-widget_type=\"elementskit-heading.default\">\n<div class=\"elementor-widget-container\">\n<div class=\"ekit-wid-con\">\n<div class=\"ekit-heading elementskit-section-title-wraper text_left   ekit_heading_tablet-   ekit_heading_mobile-\">\n<h2 class=\"ekit-heading--title elementskit-section-title \">Lojistikte\u00a0Yar\u0131m As\u0131rl\u0131k Deneyim, T\u00fcrkiye\u2019nin 81 \u0130linde G\u00fcvenilir \u00c7\u00f6z\u00fcmler<\/h2>\n<\/div>\n<\/div>\n<\/div>\n<\/div>\n<div class=\"elementor-element elementor-element-43d601a elementor-widget elementor-widget-text-editor\" data-id=\"43d601a\" data-element_type=\"widget\" data-widget_type=\"text-editor.default\">\n<div class=\"elementor-widget-container\">\n<p>1967 y\u0131l\u0131nda Hac\u0131 Bayram Ate\u015f taraf\u0131ndan kurulan Ate\u015f Nakliyat ve Lojistik, T\u00fcrkiye\u2019nin lojistik ve nakliyat sekt\u00f6r\u00fcnde g\u00fcvenilir bir isim haline gelmi\u015ftir. Bug\u00fcn 2. ku\u015fak y\u00f6netiminde, g\u00fcvenilirlik, verimlilik ve m\u00fc\u015fteri memnuniyeti odakl\u0131 hizmet anlay\u0131\u015f\u0131m\u0131z\u0131 s\u00fcrd\u00fcrmekteyiz.<\/p>\n<p>Palet bazl\u0131 mal ta\u015f\u0131ma, proje bazl\u0131 lojistik \u00e7\u00f6z\u00fcmler, market da\u011f\u0131t\u0131mlar\u0131 ve hem komple ta\u015f\u0131mac\u0131l\u0131k hem de parsiyel ta\u015f\u0131mac\u0131l\u0131k (ambar) hizmetleri sunan firmam\u0131z, 81 ilde geni\u015f bir hizmet a\u011f\u0131 ile faaliyet g\u00f6stermektedir. T\u00fcrkiye geneli ve \u0130stanbul i\u00e7i da\u011f\u0131t\u0131mlarda h\u0131zl\u0131 ve g\u00fcvenilir teslimat \u00e7\u00f6z\u00fcmleri sunuyoruz.<\/p>\n<p>Yar\u0131m asr\u0131 a\u015fk\u0131n s\u00fcredir, m\u00fc\u015fteri ihtiya\u00e7lar\u0131na \u00f6zel lojistik \u00e7\u00f6z\u00fcmler sunarak g\u00fcven kazand\u0131k. Ate\u015f Nakliyat ve Lojistik olarak, yaln\u0131zca bir lojistik sa\u011flay\u0131c\u0131 de\u011fil, ayn\u0131 zamanda i\u015finizin geli\u015fmesine katk\u0131 sunan bir \u00e7\u00f6z\u00fcm orta\u011f\u0131y\u0131z.<\/p>\n<\/div>\n<\/div>\n<div class=\"elementor-element elementor-element-65228eb elementor-position-left elementor-vertical-align-middle elementor-view-default elementor-mobile-position-top elementor-widget elementor-widget-icon-box\" data-id=\"65228eb\" data-element_type=\"widget\" data-widget_type=\"icon-box.default\">\n<div class=\"elementor-widget-container\">\n<div class=\"elementor-icon-box-wrapper\">\n<div class=\"elementor-icon-box-icon\"><\/div>\n<div class=\"elementor-icon-box-content\">\n<h4 class=\"elementor-icon-box-title\">Misyonumuz<\/h4>\n<p class=\"elementor-icon-box-description\">M\u00fc\u015fterilerimizin nakliyat ve lojistik ihtiya\u00e7lar\u0131n\u0131 en verimli ve g\u00fcvenilir \u015fekilde kar\u015f\u0131layarak, t\u00fcm T\u00fcrkiye genelinde kesintisiz ve kaliteli hizmet sunmak.<\/p>\n<\/div>\n<\/div>\n<\/div>\n<\/div>\n<div class=\"elementor-element elementor-element-bdda653 elementor-position-left elementor-vertical-align-middle elementor-view-default elementor-mobile-position-top elementor-widget elementor-widget-icon-box\" data-id=\"bdda653\" data-element_type=\"widget\" data-widget_type=\"icon-box.default\">\n<div class=\"elementor-widget-container\">\n<div class=\"elementor-icon-box-wrapper\">\n<div class=\"elementor-icon-box-icon\"><\/div>\n<div class=\"elementor-icon-box-content\">\n<h4 class=\"elementor-icon-box-title\">Vizyonumuz<\/h4>\n<p class=\"elementor-icon-box-description\">T\u00fcrkiye&#8217;nin en g\u00fcvenilir ve yenilik\u00e7i lojistik firmalar\u0131ndan biri olarak sekt\u00f6rde \u00f6nc\u00fc bir konumda yer almak.<\/p>\n<\/div>\n<\/div>\n<\/div>\n<\/div>\n","protected":false},"excerpt":{"rendered":"<p>Lojistikte\u00a0Yar\u0131m As\u0131rl\u0131k Deneyim, T\u00fcrkiye\u2019nin 81 \u0130linde G\u00fcvenilir \u00c7\u00f6z\u00fcmler 1967 y\u0131l\u0131nda Hac\u0131 Bayram Ate\u015f taraf\u0131ndan kurulan Ate\u015f Nakliyat ve Lojistik, T\u00fcrkiye\u2019nin lojistik ve nakliyat sekt\u00f6r\u00fcnde g\u00fcvenilir bir isim haline gelmi\u015ftir. Bug\u00fcn 2. ku\u015fak y\u00f6netiminde, g\u00fcvenilirlik, verimlilik ve m\u00fc\u015fteri memnuniyeti odakl\u0131 hizmet anlay\u0131\u015f\u0131m\u0131z\u0131 s\u00fcrd\u00fcrmekteyiz. Palet bazl\u0131 mal ta\u015f\u0131ma, proje bazl\u0131 lojistik \u00e7\u00f6z\u00fcmler, market da\u011f\u0131t\u0131mlar\u0131 ve hem komple [&hellip;]<\/p>\n","protected":false},"author":1,"featured_media":353,"parent":0,"menu_order":0,"comment_status":"closed","ping_status":"open","template":"","meta":{"footnotes":""},"class_list":["post-187","page","type-page","status-publish","has-post-thumbnail","hentry"],"_links":{"self":[{"href":"https:\/\/atesnakliyat.com\/index.php\/wp-json\/wp\/v2\/pages\/187","targetHints":{"allow":["GET"]}}],"collection":[{"href":"https:\/\/atesnakliyat.com\/index.php\/wp-json\/wp\/v2\/pages"}],"about":[{"href":"https:\/\/atesnakliyat.com\/index.php\/wp-json\/wp\/v2\/types\/page"}],"author":[{"embeddable":true,"href":"https:\/\/atesnakliyat.com\/index.php\/wp-json\/wp\/v2\/users\/1"}],"replies":[{"embeddable":true,"href":"https:\/\/atesnakliyat.com\/index.php\/wp-json\/wp\/v2\/comments?post=187"}],"version-history":[{"count":1,"href":"https:\/\/atesnakliyat.com\/index.php\/wp-json\/wp\/v2\/pages\/187\/revisions"}],"predecessor-version":[{"id":554,"href":"https:\/\/atesnakliyat.com\/index.php\/wp-json\/wp\/v2\/pages\/187\/revisions\/554"}],"wp:featuredmedia":[{"embeddable":true,"href":"https:\/\/atesnakliyat.com\/index.php\/wp-json\/wp\/v2\/media\/353"}],"wp:attachment":[{"href":"https:\/\/atesnakliyat.com\/index.php\/wp-json\/wp\/v2\/media?parent=187"}],"curies":[{"name":"wp","href":"https:\/\/api.w.org\/{rel}","templated":true}]}}